{"id":8979,"date":"2026-02-02T08:00:49","date_gmt":"2026-02-02T07:00:49","guid":{"rendered":"https:\/\/muzikaukoracima.hr\/?page_id=8979"},"modified":"2026-02-04T23:07:24","modified_gmt":"2026-02-04T22:07:24","slug":"kontakt","status":"publish","type":"page","link":"https:\/\/muzikaukoracima.hr\/en\/kontakt\/","title":{"rendered":"Contact"},"content":{"rendered":"<section class=\"wpb-content-wrapper\"><section class=\"content intro\" ><div class=\"container\"><div class=\"vc_row wpb_row vc_row-fluid\"><div class=\"wpb_column vc_column_container vc_col-sm-12\"><div class=\"vc_column-inner\"><div class=\"wpb_wrapper\"><div class=\"vc_row wpb_row vc_inner vc_row-fluid\"><div class=\"wpb_column vc_column_container vc_col-sm-4\"><div class=\"vc_column-inner\"><div class=\"wpb_wrapper\"><div class=\"address wow fadeIn\" >\n    <address>\n        <p><strong>Address:<br \/>\n<\/strong>Brzac 97, 51500 Krk<\/p>\n    <\/address>\n<\/div><\/div><\/div><\/div><div class=\"wpb_column vc_column_container vc_col-sm-4\"><div class=\"vc_column-inner\"><div class=\"wpb_wrapper\"><div class=\"address wow fadeIn\" data-wow-delay=\"0.05s\">\n    <address>\n        <p><strong>Phone:<br \/>\n<\/strong>091 975 40 64<br \/>\n091 203 08 55<\/p>\n    <\/address>\n<\/div><\/div><\/div><\/div><div class=\"wpb_column vc_column_container vc_col-sm-4\"><div class=\"vc_column-inner\"><div class=\"wpb_wrapper\"><div class=\"address wow fadeIn\" data-wow-delay=\"0.1s\">\n    <address>\n        <p><strong>E-mail:<br \/>\n<\/strong>udruga.mook@gmail.com<\/p>\n    <\/address>\n<\/div><\/div><\/div><\/div><\/div><div class=\"vc_row wpb_row vc_inner vc_row-fluid\"><div class=\"wpb_column vc_column_container vc_col-sm-6\"><div class=\"vc_column-inner\"><div class=\"wpb_wrapper\">\n\t<div  class=\"wpb_single_image wpb_content_element vc_align_left\">\n\t\t\n\t\t<figure class=\"wpb_wrapper vc_figure\">\n\t\t\t<div class=\"vc_single_image-wrapper   vc_box_border_grey\"><img loading=\"lazy\" decoding=\"async\" width=\"1079\" height=\"482\" src=\"https:\/\/muzikaukoracima.hr\/wp-content\/uploads\/2020\/10\/mook-mail-puni-e1603389681798.gif\" class=\"vc_single_image-img attachment-full\" alt=\"Mook - uzika u koracima\" title=\"mook mail puni\" \/><\/div>\n\t\t<\/figure>\n\t<\/div>\n<\/div><\/div><\/div><div class=\"wpb_column vc_column_container vc_col-sm-6\"><div class=\"vc_column-inner\"><div class=\"wpb_wrapper\"><div class=\"brabus-text-block\" >\n    \n<div class=\"wpcf7 no-js\" id=\"wpcf7-f2739-o1\" lang=\"en-US\" dir=\"ltr\" data-wpcf7-id=\"2739\">\n<div class=\"screen-reader-response\"><p role=\"status\" aria-live=\"polite\" aria-atomic=\"true\"><\/p> <ul><\/ul><\/div>\n<form action=\"\/en\/wp-json\/wp\/v2\/pages\/8979#wpcf7-f2739-o1\" method=\"post\" class=\"wpcf7-form init\" aria-label=\"Contact form\" novalidate=\"novalidate\" data-status=\"init\" data-trp-original-action=\"\/en\/wp-json\/wp\/v2\/pages\/8979#wpcf7-f2739-o1\">\n<fieldset class=\"hidden-fields-container\"><input type=\"hidden\" name=\"_wpcf7\" value=\"2739\" \/><input type=\"hidden\" name=\"_wpcf7_version\" value=\"6.1.5\" \/><input type=\"hidden\" name=\"_wpcf7_locale\" value=\"en_US\" \/><input type=\"hidden\" name=\"_wpcf7_unit_tag\" value=\"wpcf7-f2739-o1\" \/><input type=\"hidden\" name=\"_wpcf7_container_post\" value=\"0\" \/><input type=\"hidden\" name=\"_wpcf7_posted_data_hash\" value=\"\" \/><input type=\"hidden\" name=\"_wpcf7cf_hidden_group_fields\" value=\"[]\" \/><input type=\"hidden\" name=\"_wpcf7cf_hidden_groups\" value=\"[]\" \/><input type=\"hidden\" name=\"_wpcf7cf_visible_groups\" value=\"[]\" \/><input type=\"hidden\" name=\"_wpcf7cf_repeaters\" value=\"[]\" \/><input type=\"hidden\" name=\"_wpcf7cf_steps\" value=\"{}\" \/><input type=\"hidden\" name=\"_wpcf7cf_options\" value=\"{&quot;form_id&quot;:2739,&quot;conditions&quot;:[],&quot;settings&quot;:{&quot;animation&quot;:&quot;yes&quot;,&quot;animation_intime&quot;:200,&quot;animation_outtime&quot;:200,&quot;conditions_ui&quot;:&quot;normal&quot;,&quot;notice_dismissed&quot;:false,&quot;notice_dismissed_rollback-cf7-6.0.4&quot;:true,&quot;notice_dismissed_rollback-cf7-6.0.5&quot;:true}}\" \/><input type=\"hidden\" name=\"_wpcf7_recaptcha_response\" value=\"\" \/>\n<\/fieldset>\n<div class=\"form-group col-sm-6 col-12\">\n\t<p><label><span>First name<\/span><\/label><br \/>\n<span class=\"wpcf7-form-control-wrap\" data-name=\"first-name\"><input size=\"40\" maxlength=\"400\" class=\"wpcf7-form-control wpcf7-text wpcf7-validates-as-required\" aria-required=\"true\" aria-invalid=\"false\" value=\"\" type=\"text\" name=\"first-name\" \/><\/span>\n\t<\/p>\n<\/div>\n <!-- end form-group -->\n<div class=\"form-group col-sm-6 col-12\">\n\t<p><label><span>Last name<\/span><\/label><br \/>\n<span class=\"wpcf7-form-control-wrap\" data-name=\"last-name\"><input size=\"40\" maxlength=\"400\" class=\"wpcf7-form-control wpcf7-text wpcf7-validates-as-required\" aria-required=\"true\" aria-invalid=\"false\" value=\"\" type=\"text\" name=\"last-name\" \/><\/span>\n\t<\/p>\n<\/div>\n <!-- end form-group -->\n<div class=\"form-group col-sm-6 col-12\">\n\t<p><label><span>E-mail<\/span><\/label><br \/>\n<span class=\"wpcf7-form-control-wrap\" data-name=\"your-email\"><input size=\"40\" maxlength=\"400\" class=\"wpcf7-form-control wpcf7-email wpcf7-validates-as-required wpcf7-text wpcf7-validates-as-email\" aria-required=\"true\" aria-invalid=\"false\" value=\"\" type=\"email\" name=\"your-email\" \/><\/span>\n\t<\/p>\n<\/div>\n <!-- end form-group -->\n<div class=\"form-group col-12\">\n\t<p><label><span>Message<\/span><\/label><br \/>\n<span class=\"wpcf7-form-control-wrap\" data-name=\"your-message\"><textarea cols=\"40\" rows=\"10\" maxlength=\"2000\" class=\"wpcf7-form-control wpcf7-textarea\" aria-invalid=\"false\" name=\"your-message\"><\/textarea><\/span>\n\t<\/p>\n<\/div>\n <!-- end form-group -->\n<div class=\"form-group col-12\">\n\t<p><input class=\"wpcf7-form-control wpcf7-submit has-spinner\" type=\"submit\" value=\"SEND\" \/>\n\t<\/p>\n<\/div>\n<p><span class=\"wpcf7-form-control-wrap\" data-name=\"privola-kontakt-forma\"><span class=\"wpcf7-form-control wpcf7-checkbox wpcf7-validates-as-required\"><span class=\"wpcf7-list-item first last\"><input type=\"checkbox\" name=\"privola-kontakt-forma[]\" value=\"Prihva\u0107am kori\u0161tenje mojih osobnih podataka za potrebe komunikacije\" \/><span class=\"wpcf7-list-item-label\">I agree to the use of my personal data for communication purposes<\/span><\/span><\/span><\/span>\n<\/p>\n<p><b>Terms of use of the contact form:<\/b>\n<\/p>\n<p>By submitting the contact form, we collect your personal data. Where necessary, you may be asked to provide your first and last name and e-mail address. Your data, whether public or private, will not be sold, exchanged, transferred or disclosed to any third party under any circumstances without your consent.\nYour data will be used solely for the purpose of responding to your enquiry and communicating with you.\nFor more information about the terms of use and privacy policy, please read <a href=\"https:\/\/muzikaukoracima.hr\/en\/politika-privatnosti\/\">here<\/a>.\n<\/p><div class=\"wpcf7-response-output\" aria-hidden=\"true\"><\/div>\n<input type=\"hidden\" name=\"trp-form-language\" value=\"en\"\/><\/form>\n<\/div>\n\n\n    <\/div><\/div><\/div><\/div><\/div><\/div><\/div><\/div><\/div><\/div><\/section><section class=\"content\" ><div data-vc-full-width=\"true\" data-vc-full-width-init=\"false\" data-vc-stretch-content=\"true\" class=\"vc_row wpb_row vc_row-fluid vc_custom_1603796125621 vc_row-has-fill vc_row-no-padding\"><div class=\"wpb_column vc_column_container vc_col-sm-12\"><div class=\"vc_column-inner\"><div class=\"wpb_wrapper\">    <div class=\"map-wrapper wow fadeIn\" >\n\n        <iframe loading=\"lazy\" src=\"https:\/\/www.google.com\/maps\/embed?pb=!1m18!1m12!1m3!1d11267.786739970545!2d14.43927303940426!3d45.08687426557098!2m3!1f0!2f0!3f0!3m2!1i1024!2i768!4f13.1!3m3!1m2!1s0x0%3A0xe071904cfd21ecb7!2sMuzika%20u%20koracima!5e0!3m2!1sen!2shr!4v1581621545436!5m2!1sen!2shr\" width=\"100%\" height=\"640\" frameborder=\"0\"\n                style=\"border:0\" allowfullscreen><\/iframe>\n    <\/div>\n\n    <\/div><\/div><\/div><\/div><div class=\"vc_row-full-width vc_clearfix\"><\/div><\/section>\n<\/section>","protected":false},"excerpt":{"rendered":"Adresa: Brzac 97, 51500 Krk Kontakt telefon: 091 975 40 64 091 203 08 55 E-mail: udruga.mook@gmail.com Ime Prezime E-mail Poruka Prihva\u0107am kori\u0161tenje mojih osobnih podataka za potrebe komunikacije Uvjeti kori\u0161tenja kontakt forme: Prilikom ispunjavanja kontakt forme prikupljamo Va\u0161e podatke. Prema potrebi, mo\u017ee biti zatra\u017eeno da unesete svoje ime i prezime te e-mail adresu. Va\u0161i [...]","protected":false},"author":3,"featured_media":0,"parent":0,"menu_order":0,"comment_status":"closed","ping_status":"closed","template":"page-builder.php","meta":{"footnotes":""},"class_list":["post-8979","page","type-page","status-publish","hentry"],"publishpress_future_action":{"enabled":false,"date":"2026-04-25 05:59:47","action":"change-status","newStatus":"draft","terms":[],"taxonomy":"","extraData":[]},"publishpress_future_workflow_manual_trigger":{"enabledWorkflows":[]},"_links":{"self":[{"href":"https:\/\/muzikaukoracima.hr\/en\/wp-json\/wp\/v2\/pages\/8979","targetHints":{"allow":["GET"]}}],"collection":[{"href":"https:\/\/muzikaukoracima.hr\/en\/wp-json\/wp\/v2\/pages"}],"about":[{"href":"https:\/\/muzikaukoracima.hr\/en\/wp-json\/wp\/v2\/types\/page"}],"author":[{"embeddable":true,"href":"https:\/\/muzikaukoracima.hr\/en\/wp-json\/wp\/v2\/users\/3"}],"replies":[{"embeddable":true,"href":"https:\/\/muzikaukoracima.hr\/en\/wp-json\/wp\/v2\/comments?post=8979"}],"version-history":[{"count":5,"href":"https:\/\/muzikaukoracima.hr\/en\/wp-json\/wp\/v2\/pages\/8979\/revisions"}],"predecessor-version":[{"id":9064,"href":"https:\/\/muzikaukoracima.hr\/en\/wp-json\/wp\/v2\/pages\/8979\/revisions\/9064"}],"wp:attachment":[{"href":"https:\/\/muzikaukoracima.hr\/en\/wp-json\/wp\/v2\/media?parent=8979"}],"curies":[{"name":"wp","href":"https:\/\/api.w.org\/{rel}","templated":true}]}}