{"id":8971,"date":"2026-02-02T07:49:46","date_gmt":"2026-02-02T06:49:46","guid":{"rendered":"https:\/\/muzikaukoracima.hr\/?page_id=8971"},"modified":"2026-02-04T22:03:23","modified_gmt":"2026-02-04T21:03:23","slug":"podrska-donacije","status":"publish","type":"page","link":"https:\/\/muzikaukoracima.hr\/en\/podrska-donacije\/","title":{"rendered":"Podr\u0161ka \/ Donacije"},"content":{"rendered":"<section class=\"wpb-content-wrapper\"><section class=\"content intro\" ><div class=\"container\"><div data-vc-full-width=\"true\" data-vc-full-width-init=\"false\" class=\"vc_row wpb_row vc_row-fluid\"><div class=\"wpb_column vc_column_container vc_col-sm-12\"><div class=\"vc_column-inner\"><div class=\"wpb_wrapper\"><div class=\"brabus-text-block\" >\n    <p class=\"translation-block\">The work of the <strong>Muzika u koracima<\/strong> association is founded on the belief that quality arts education should be <strong>accessible to children and young people<\/strong>, regardless of their place of residence or initial opportunities.<\/p>\n<p class=\"translation-block\">Through our projects, programmes and workshops, we strive to create a <strong>safe, supportive and long-term sustainable environment<\/strong> in which children and young people can develop creativity, knowledge and self-confidence. To continue and further develop this work, your support plays an important role.<\/p>\n<p>By supporting our work, you directly invest in:<\/p>\n<ul>\n<li>the development of children and young people<\/li>\n<li>accessibility of arts education within the local community<\/li>\n<li>high-quality mentorship and pedagogical work<\/li>\n<li>long-term development of educational and cultural programmes<\/li>\n<\/ul>\n<p>&nbsp;<\/p>\n<p><strong>How you can support our work<\/strong><\/p>\n<p>We are open to various forms of collaboration and donations, adapted to the possibilities and interests of individuals, organisations and institutions. Support can be directed towards, among other things:<\/p>\n<ul>\n<li class=\"translation-block\">the development of the <a href=\"http:\/\/muzikaukoracima.hr\/en\/nextgen\/\" target=\"_self\"><strong>NextGen Classical Guitar<\/strong><\/a> project<\/li>\n<li>year-round music and visual arts workshops<\/li>\n<li>engagement of mentors and artists<\/li>\n<li>organisation of educational and public events<\/li>\n<li>development of new programmes for children and young people<\/li>\n<\/ul>\n<p>We view every collaboration as a\u00a0<strong>partnership<\/strong>that develops through dialogue, trust and a shared vision.<\/p>\n<p>&nbsp;<\/p>\n<p><strong>Transparency and accountability<\/strong><\/p>\n<p class=\"translation-block\">The <em>Muzika u koracima<\/em> association operates transparently and responsibly. All collected funds are used exclusively for the implementation and development of programmes in accordance with the association\u2019s goals, with clear monitoring of activities and results.<\/p>\n<p>&nbsp;<\/p>\n<p><strong>Call for collaboration<\/strong><\/p>\n<p class=\"translation-block\">For all enquiries regarding collaboration, donations and partnership models, please feel free to contact us.\nWe will be happy to provide additional information and consider opportunities for cooperation in line with the association\u2019s goals and values.<\/p>\n<p><strong><a href=\"https:\/\/muzikaukoracima.hr\/en\/kontakt\/\">CONTACT<\/a>\u00a0<\/strong><\/p>\n\n    <\/div><\/div><\/div><\/div><\/div><div class=\"vc_row-full-width vc_clearfix\"><\/div><\/div><\/section>\n<\/section>","protected":false},"excerpt":{"rendered":"Rad udruge\u00a0Muzika u koracima\u00a0temelji se na uvjerenju da kvalitetno umjetni\u010dko obrazovanje treba biti\u00a0dostupno djeci i mladima, bez obzira na mjesto stanovanja i po\u010detne mogu\u0107nosti. Kroz svoje projekte, programe i radionice nastojimo stvoriti\u00a0sigurno, poticajno i dugoro\u010dno odr\u017eivo okru\u017eenje\u00a0u kojem djeca i mladi mogu razvijati kreativnost, znanje i samopouzdanje. Kako bismo to mogli nastaviti i dalje razvijati, [...]","protected":false},"author":3,"featured_media":5125,"parent":0,"menu_order":0,"comment_status":"closed","ping_status":"closed","template":"page-builder.php","meta":{"footnotes":""},"class_list":["post-8971","page","type-page","status-publish","has-post-thumbnail","hentry"],"publishpress_future_action":{"enabled":false,"date":"2026-04-25 06:03:16","action":"change-status","newStatus":"draft","terms":[],"taxonomy":"","extraData":[]},"publishpress_future_workflow_manual_trigger":{"enabledWorkflows":[]},"_links":{"self":[{"href":"https:\/\/muzikaukoracima.hr\/en\/wp-json\/wp\/v2\/pages\/8971","targetHints":{"allow":["GET"]}}],"collection":[{"href":"https:\/\/muzikaukoracima.hr\/en\/wp-json\/wp\/v2\/pages"}],"about":[{"href":"https:\/\/muzikaukoracima.hr\/en\/wp-json\/wp\/v2\/types\/page"}],"author":[{"embeddable":true,"href":"https:\/\/muzikaukoracima.hr\/en\/wp-json\/wp\/v2\/users\/3"}],"replies":[{"embeddable":true,"href":"https:\/\/muzikaukoracima.hr\/en\/wp-json\/wp\/v2\/comments?post=8971"}],"version-history":[{"count":5,"href":"https:\/\/muzikaukoracima.hr\/en\/wp-json\/wp\/v2\/pages\/8971\/revisions"}],"predecessor-version":[{"id":9001,"href":"https:\/\/muzikaukoracima.hr\/en\/wp-json\/wp\/v2\/pages\/8971\/revisions\/9001"}],"wp:featuredmedia":[{"embeddable":true,"href":"https:\/\/muzikaukoracima.hr\/en\/wp-json\/wp\/v2\/media\/5125"}],"wp:attachment":[{"href":"https:\/\/muzikaukoracima.hr\/en\/wp-json\/wp\/v2\/media?parent=8971"}],"curies":[{"name":"wp","href":"https:\/\/api.w.org\/{rel}","templated":true}]}}