{"id":8223,"date":"2025-02-15T11:18:21","date_gmt":"2025-02-15T10:18:21","guid":{"rendered":"https:\/\/muzikaukoracima.hr\/?page_id=8223"},"modified":"2026-02-04T22:03:23","modified_gmt":"2026-02-04T21:03:23","slug":"nextgen","status":"publish","type":"page","link":"https:\/\/muzikaukoracima.hr\/en\/nextgen\/","title":{"rendered":"NextGen"},"content":{"rendered":"<section class=\"wpb-content-wrapper\"><section class=\"content intro\" ><div class=\"container\"><div data-vc-full-width=\"true\" data-vc-full-width-init=\"false\" class=\"vc_row wpb_row vc_row-fluid\"><div class=\"wpb_column vc_column_container vc_col-sm-12\"><div class=\"vc_column-inner\"><div class=\"wpb_wrapper\"><div class=\"brabus-text-block\" >\n    <p><strong>NextGen Classical Guitar<\/strong>\u00a0is a new developmental project of the\u00a0<em>Muzika u koracima<\/em>, association, born out of many years of work with children and young people and from the need for a programme that shapes not only technical skill, but also the person behind the instrument.<\/p>\n<p>Through years of implementing educational programmes, including the\u00a0<strong>Music camp<\/strong>\u00a0, and\u00a0<strong>International Guitar Competition<\/strong>, the value of intensive work, mentorship-based approaches and high professional standards became clear, as well as the need for\u00a0<strong>continuity beyond short-term formats and competitive environments<\/strong>. The experiences gained through these projects raised the question of how to provide young musicians with stable support in the periods between lessons, performances and competitions.<\/p>\n<p>On this foundation,\u00a0<strong>NextGen Classical Guitar<\/strong>\u00a0is being developed as a programme that connects process-oriented learning, mentorship and long-term development, offering young guitarists a safe and supportive environment in which they can grow without the pressure of constant evaluation.<\/p>\n<p>The project is currently being developed in collaboration with mentors, partners, donors and sponsors, with the aim of creating a framework that provides young guitarists with\u00a0<strong>continuity, security and space for growth<\/strong>, supported by a high level of professional and pedagogical guidance.<\/p>\n<p>NextGen asks the question:<br \/>\n<strong>What happens to a young musician when the spotlight fades and formal instruction ends?<\/strong><\/p>\n<p>It is within this space that the project builds its approach \u2014 through mentorship, learning as a process, community, and the long-term development of artistic identity.<\/p>\n<p>If you believe that young musicians should be accompanied, understood and supported \u2014 not only evaluated \u2014 we invite you to take part in the development of the\u00a0<a href=\"http:\/\/muzikaukoracima.hr\/en\/podrska-donacije\/\"><strong>NextGen Classical Guitar<\/strong><\/a>.<\/p>\n\n    <\/div><\/div><\/div><\/div><\/div><div class=\"vc_row-full-width vc_clearfix\"><\/div><\/div><\/section><section class=\"content\" ><div class=\"vc_row wpb_row vc_row-fluid\"><div class=\"wpb_column vc_column_container vc_col-sm-12\"><div class=\"vc_column-inner\"><div class=\"wpb_wrapper\"><\/div><\/div><\/div><\/div><\/section>\n<\/section>","protected":false},"excerpt":{"rendered":"NextGen Classical Guitar\u00a0novi je razvojni projekt udruge\u00a0Muzika u koracima, nastao iz dugogodi\u0161njeg rada s djecom i mladima te potrebe za programom koji ne oblikuje samo vje\u0161tinu, ve\u0107 i osobu iza instrumenta. Kroz vi\u0161egodi\u0161nje provo\u0111enje edukativnih programa, uklju\u010duju\u0107i\u00a0Glazbeni kamp\u00a0i\u00a0Me\u0111unarodno gitaristi\u010dko natjecanje, jasno se pokazala vrijednost intenzivnog rada, mentorskog pristupa i profesionalnih standarda, ali i potreba za\u00a0kontinuitetom [...]","protected":false},"author":3,"featured_media":5125,"parent":0,"menu_order":0,"comment_status":"closed","ping_status":"closed","template":"page-builder.php","meta":{"footnotes":""},"class_list":["post-8223","page","type-page","status-publish","has-post-thumbnail","hentry"],"publishpress_future_action":{"enabled":false,"date":"2026-04-25 06:04:25","action":"change-status","newStatus":"draft","terms":[],"taxonomy":"","extraData":[]},"publishpress_future_workflow_manual_trigger":{"enabledWorkflows":[]},"_links":{"self":[{"href":"https:\/\/muzikaukoracima.hr\/en\/wp-json\/wp\/v2\/pages\/8223","targetHints":{"allow":["GET"]}}],"collection":[{"href":"https:\/\/muzikaukoracima.hr\/en\/wp-json\/wp\/v2\/pages"}],"about":[{"href":"https:\/\/muzikaukoracima.hr\/en\/wp-json\/wp\/v2\/types\/page"}],"author":[{"embeddable":true,"href":"https:\/\/muzikaukoracima.hr\/en\/wp-json\/wp\/v2\/users\/3"}],"replies":[{"embeddable":true,"href":"https:\/\/muzikaukoracima.hr\/en\/wp-json\/wp\/v2\/comments?post=8223"}],"version-history":[{"count":13,"href":"https:\/\/muzikaukoracima.hr\/en\/wp-json\/wp\/v2\/pages\/8223\/revisions"}],"predecessor-version":[{"id":8997,"href":"https:\/\/muzikaukoracima.hr\/en\/wp-json\/wp\/v2\/pages\/8223\/revisions\/8997"}],"wp:featuredmedia":[{"embeddable":true,"href":"https:\/\/muzikaukoracima.hr\/en\/wp-json\/wp\/v2\/media\/5125"}],"wp:attachment":[{"href":"https:\/\/muzikaukoracima.hr\/en\/wp-json\/wp\/v2\/media?parent=8223"}],"curies":[{"name":"wp","href":"https:\/\/api.w.org\/{rel}","templated":true}]}}